{"id":7,"date":"2024-04-03T17:24:29","date_gmt":"2024-04-03T17:24:29","guid":{"rendered":"https:\/\/reservasantafe.com\/certificacion\/?page_id=7"},"modified":"2024-12-10T21:05:02","modified_gmt":"2024-12-10T21:05:02","slug":"descripcion","status":"publish","type":"page","link":"https:\/\/reservasantafe.com\/certificacion\/descripcion\/","title":{"rendered":"Descripci\u00f3n del master plan"},"content":{"rendered":"<h3 class=\"list-with-icon-title greennature-skin-title\">Master Plan Compliant<\/h3>\n<p>El reconocimiento de Comunidad Emergente por parte del International Living Future Institute es un logro destacado para los proyectos que han completado exitosamente el proceso de acreditaci\u00f3n del Master Plan Compliance y han comenzado la construcci\u00f3n de la comunidad. Este reconocimiento resalta el compromiso y los avances significativos del proyecto en la implementaci\u00f3n de pr\u00e1cticas sostenibles, regenerativas y socialmente equitativas. Para obtener esta distinci\u00f3n, los proyectos deben demostrar su adhesi\u00f3n a los est\u00e1ndares m\u00e1s rigurosos en \u00e1reas cruciales como energ\u00eda, agua, residuos, transporte y equidad social, presentando una visi\u00f3n clara de transformaci\u00f3n hacia un futuro m\u00e1s sostenible y resiliente.<\/p>\n<p>Es un testimonio del liderazgo y la dedicaci\u00f3n del equipo detr\u00e1s del proyecto, as\u00ed como de la visi\u00f3n innovadora y el enfoque hol\u00edstico adoptado. Adem\u00e1s de los criterios ambientales, tambi\u00e9n se valora la participaci\u00f3n de la comunidad local, la promoci\u00f3n de la justicia social y el impacto positivo en la calidad de vida de los residentes. Esperamos poder ser un ejemplo e inspirar a otros desarrollos a seguir un camino de sostenibilidad\u00a0y\u00a0regeneraci\u00f3n.<\/p>\n","protected":false},"excerpt":{"rendered":"<p>Master Plan Compliant El reconocimiento de Comunidad Emergente por parte del International Living Future Institute es un logro destacado para los proyectos que han completado exitosamente el proceso de acreditaci\u00f3n del Master Plan Compliance y han comenzado la construcci\u00f3n de la comunidad. Este reconocimiento resalta el compromiso y los avances significativos del proyecto en la [&hellip;]<\/p>\n","protected":false},"author":1,"featured_media":219,"parent":0,"menu_order":0,"comment_status":"closed","ping_status":"closed","template":"template-page\/description-masterplan.php","meta":{"footnotes":""},"class_list":["post-7","page","type-page","status-publish","has-post-thumbnail","hentry"],"acf":[],"_links":{"self":[{"href":"https:\/\/reservasantafe.com\/certificacion\/wp-json\/wp\/v2\/pages\/7","targetHints":{"allow":["GET"]}}],"collection":[{"href":"https:\/\/reservasantafe.com\/certificacion\/wp-json\/wp\/v2\/pages"}],"about":[{"href":"https:\/\/reservasantafe.com\/certificacion\/wp-json\/wp\/v2\/types\/page"}],"author":[{"embeddable":true,"href":"https:\/\/reservasantafe.com\/certificacion\/wp-json\/wp\/v2\/users\/1"}],"replies":[{"embeddable":true,"href":"https:\/\/reservasantafe.com\/certificacion\/wp-json\/wp\/v2\/comments?post=7"}],"version-history":[{"count":5,"href":"https:\/\/reservasantafe.com\/certificacion\/wp-json\/wp\/v2\/pages\/7\/revisions"}],"predecessor-version":[{"id":279,"href":"https:\/\/reservasantafe.com\/certificacion\/wp-json\/wp\/v2\/pages\/7\/revisions\/279"}],"wp:featuredmedia":[{"embeddable":true,"href":"https:\/\/reservasantafe.com\/certificacion\/wp-json\/wp\/v2\/media\/219"}],"wp:attachment":[{"href":"https:\/\/reservasantafe.com\/certificacion\/wp-json\/wp\/v2\/media?parent=7"}],"curies":[{"name":"wp","href":"https:\/\/api.w.org\/{rel}","templated":true}]}}